{"id":33,"date":"2023-09-24T00:35:41","date_gmt":"2023-09-23T22:35:41","guid":{"rendered":"http:\/\/veebe.fr\/?page_id=33"},"modified":"2024-09-02T22:11:42","modified_gmt":"2024-09-02T20:11:42","slug":"a-propos","status":"publish","type":"page","link":"https:\/\/veebe.fr\/index.php\/a-propos\/","title":{"rendered":"\u00c0 propos"},"content":{"rendered":"\n<p>L\u2019association VEEBE organise des ateliers de r\u00e9flexion, des sensibilisations \u00e0 la qualit\u00e9 relationnelle, des caf\u00e9s philos, des cin\u00e9s d\u00e9bats et des conf\u00e9rences, sur diff\u00e9rents th\u00e8mes qui am\u00e8nent \u00e0 r\u00e9fl\u00e9chir, se questionner et discuter sur la vie, la relation \u00e0 soi et aux autres, .<\/p>\n\n\n\n<h2 class=\"wp-block-heading\"><strong>Interventions<\/strong><\/h2>\n\n\n\n<p>Pour l\u2019instant nous intervenons sur Massy, Antony et ses alentours.<\/p>\n\n\n\n<p>L\u2019intervenante Caroline PODAGE est une professionnelle de la m\u00e9diation form\u00e9 par la EPMN et praticienne holistique .<\/p>\n\n\n\n<p>Elle a suivi le parcours de l\u2019association SEVE et diff\u00e9rent approfondissement avec SEVE pour animer des ateliers de la pratique de la philosophie pour les enfants, adolescents et adultes.<\/p>\n\n\n\n<h2 class=\"wp-block-heading\"><a href=\"https:\/\/veebe.fr\/index.php\/atelier-sur-la-vie-la-relation-a-soi-et-aux-autres\/\"><strong>Les ateliers<\/strong> sur la vie et la relation \u00e0 soi et aux autres<\/a><\/h2>\n\n\n\n<p>Le but de ses ateliers est d&rsquo;accompagner la r\u00e9flexion et le questionnement des enfants, des adolescents et des adultes sur leur vie, la vie, la relation \u00e0 soi et aux autres, et de leur permettre de s\u2019approprier les habilet\u00e9s de penser philosophique et les outils pour vivre des relations de bonnes qualit\u00e9s.<\/p>\n\n\n\n<p>La relation \u00e0 soi c\u2019est apprendre \u00e0 se conna\u00eetre, poser clairement les mots pour indiquer ce qui est pour nous et r\u00e9guler ce qui doit l&rsquo;\u00eatre.<\/p>\n\n\n\n<p>L\u2019apprentissage en soi, c\u2019est penser quand on agit et agir quand on pense.<br>Ne plus faire pour faire ou dire pour dire, mais faire et dire en conscience au mieux pour soi et les autres.<\/p>\n\n\n\n<p>Afin d\u2019\u00eatre rationnel et coh\u00e9rent dans sa mani\u00e8re d\u2019\u00eatre, d\u2019agir et de communiquer avec soi et les autres.<\/p>\n\n\n\n<figure class=\"wp-block-image size-large\"><img loading=\"lazy\" decoding=\"async\" width=\"1024\" height=\"576\" src=\"https:\/\/veebe.fr\/wp-content\/uploads\/2023\/09\/book-4302990_1920-1024x576.jpg\" alt=\"\" class=\"wp-image-18\" srcset=\"https:\/\/veebe.fr\/wp-content\/uploads\/2023\/09\/book-4302990_1920-1024x576.jpg 1024w, https:\/\/veebe.fr\/wp-content\/uploads\/2023\/09\/book-4302990_1920-300x169.jpg 300w, https:\/\/veebe.fr\/wp-content\/uploads\/2023\/09\/book-4302990_1920-768x432.jpg 768w, https:\/\/veebe.fr\/wp-content\/uploads\/2023\/09\/book-4302990_1920-1536x864.jpg 1536w, https:\/\/veebe.fr\/wp-content\/uploads\/2023\/09\/book-4302990_1920-500x281.jpg 500w, https:\/\/veebe.fr\/wp-content\/uploads\/2023\/09\/book-4302990_1920.jpg 1920w\" sizes=\"auto, (max-width: 1024px) 100vw, 1024px\" \/><figcaption class=\"wp-element-caption\">book-Stine86Engel pixabay<\/figcaption><\/figure>\n\n\n\n<div class=\"wp-block-buttons is-layout-flex wp-block-buttons-is-layout-flex\">\n<div class=\"wp-block-button\"><a class=\"wp-block-button__link wp-element-button\" href=\"https:\/\/www.helloasso.com\/associations\/vivons-ensemble-en-bonne-entente\/adhesions\/adhesion-association-veebe-2024-2025\" target=\"_blank\" rel=\"noreferrer noopener\"><mark style=\"background-color:rgba(0, 0, 0, 0)\" class=\"has-inline-color has-blue-color\">Soutenez nous, en adh\u00e9rent <\/mark><\/a><\/div>\n<\/div>\n","protected":false},"excerpt":{"rendered":"<p>L\u2019association VEEBE organise des ateliers de r\u00e9flexion, des sensibilisations \u00e0 la qualit\u00e9 relationnelle, des caf\u00e9s philos, des cin\u00e9s d\u00e9bats et des conf\u00e9rences, sur diff\u00e9rents th\u00e8mes qui am\u00e8nent \u00e0 r\u00e9fl\u00e9chir, se questionner et discuter sur la vie, la relation \u00e0 soi &hellip; <a href=\"https:\/\/veebe.fr\/index.php\/a-propos\/\">Continuer la lecture <span class=\"meta-nav\">&rarr;<\/span><\/a><\/p>\n","protected":false},"author":1,"featured_media":0,"parent":0,"menu_order":0,"comment_status":"closed","ping_status":"closed","template":"","meta":{"footnotes":""},"class_list":["post-33","page","type-page","status-publish","hentry"],"_links":{"self":[{"href":"https:\/\/veebe.fr\/index.php\/wp-json\/wp\/v2\/pages\/33","targetHints":{"allow":["GET"]}}],"collection":[{"href":"https:\/\/veebe.fr\/index.php\/wp-json\/wp\/v2\/pages"}],"about":[{"href":"https:\/\/veebe.fr\/index.php\/wp-json\/wp\/v2\/types\/page"}],"author":[{"embeddable":true,"href":"https:\/\/veebe.fr\/index.php\/wp-json\/wp\/v2\/users\/1"}],"replies":[{"embeddable":true,"href":"https:\/\/veebe.fr\/index.php\/wp-json\/wp\/v2\/comments?post=33"}],"version-history":[{"count":9,"href":"https:\/\/veebe.fr\/index.php\/wp-json\/wp\/v2\/pages\/33\/revisions"}],"predecessor-version":[{"id":169,"href":"https:\/\/veebe.fr\/index.php\/wp-json\/wp\/v2\/pages\/33\/revisions\/169"}],"wp:attachment":[{"href":"https:\/\/veebe.fr\/index.php\/wp-json\/wp\/v2\/media?parent=33"}],"curies":[{"name":"wp","href":"https:\/\/api.w.org\/{rel}","templated":true}]}}