{"id":35,"date":"2023-09-24T00:38:09","date_gmt":"2023-09-23T22:38:09","guid":{"rendered":"http:\/\/veebe.fr\/?page_id=35"},"modified":"2025-01-04T21:59:52","modified_gmt":"2025-01-04T20:59:52","slug":"atelier-sur-la-vie-la-relation-a-soi-et-aux-autres","status":"publish","type":"page","link":"https:\/\/veebe.fr\/index.php\/atelier-sur-la-vie-la-relation-a-soi-et-aux-autres\/","title":{"rendered":"Atelier fait selon vous!"},"content":{"rendered":"\n<figure class=\"wp-block-image size-full is-resized\"><img loading=\"lazy\" decoding=\"async\" width=\"640\" height=\"452\" src=\"https:\/\/veebe.fr\/wp-content\/uploads\/2023\/09\/boy-1262989_640-Image-par-Mystic-Art-Design-de-Pixabay.jpg\" alt=\"\" class=\"wp-image-36\" style=\"width:614px;height:428px\" srcset=\"https:\/\/veebe.fr\/wp-content\/uploads\/2023\/09\/boy-1262989_640-Image-par-Mystic-Art-Design-de-Pixabay.jpg 640w, https:\/\/veebe.fr\/wp-content\/uploads\/2023\/09\/boy-1262989_640-Image-par-Mystic-Art-Design-de-Pixabay-300x212.jpg 300w, https:\/\/veebe.fr\/wp-content\/uploads\/2023\/09\/boy-1262989_640-Image-par-Mystic-Art-Design-de-Pixabay-425x300.jpg 425w\" sizes=\"auto, (max-width: 640px) 100vw, 640px\" \/><figcaption class=\"wp-element-caption\">Image par Mystic Art Design de Pixabay<\/figcaption><\/figure>\n\n\n\n<p>Si la vie et les relations vous \u00e9tonnent, vous questionnent, vous bousculent, alors nos ateliers sont pour vous.<\/p>\n\n\n\n<p>L&rsquo;association VEEBE vous propose un lieu unique \u00e0 Massy!<\/p>\n\n\n\n<p>Un endroit o\u00f9 l&rsquo;\u00e9veil de l&rsquo;esprit critique est au centre de nos r\u00e9flexions, ou les sujets abord\u00e9s sont d\u00e9cortiqu\u00e9s rationnellement.<\/p>\n\n\n\n<p>Pour ce faire nous nous servirons des habilet\u00e9s de penser philosophiques et des outils de l&rsquo;ing\u00e9nierie relationnelle.<\/p>\n\n\n\n<p>Pour vous accompagner:<\/p>\n\n\n\n<p>A poser vos mots sur ce qui vous anime !<\/p>\n\n\n\n<p>Argumenter vos propos !<\/p>\n\n\n\n<p>Nous vous proposons des ateliers pour les adultes, les adolescents et les enfants \u00e0 partir de 7 ans.<\/p>\n\n\n\n<p>De septembre \u00e0 juin nous vous&nbsp; proposerons une r\u00e9flexion li\u00e9e au mois en cours.<\/p>\n\n\n\n<p>Trouver des mots pour parler de ce qu&rsquo;on vit n&rsquo;est pas toujours simple quelques fois !<\/p>\n\n\n\n<p>Argumenter ses propos pour expliquer aux autres ce que l&rsquo;on pense n&rsquo;est pas toujours \u00e9vident pour certains !<\/p>\n\n\n\n<p>Envie d\u2019\u00eatre accompagn\u00e9 pour poser vos mots ou\/et \u00eatre guid\u00e9 dans votre r\u00e9flexion afin d\u2019argumenter vos propos!<br>Notre intervenante m\u00e9diateure professionnelle et animatrice philo vous aidera!<\/p>\n\n\n\n<p>\u00catre un citoyen \u00e9clair\u00e9 est accessible \u00e0 tous, \u00e0 condition de penser et agir &#8211; agir et penser !<\/p>\n\n\n\n<p>Dans l&rsquo;id\u00e9e de vivre ensemble en bonne entente!<\/p>\n\n\n\n<p><a href=\"https:\/\/www.helloasso.com\/associations\/vivons-ensemble-en-bonne-entente\/adhesions\/adhesion-association-veebe-2024-2025\">Adh\u00e9sion et inscription obligatoire<\/a><\/p>\n\n\n\n<p>Place limit\u00e9e \u00e0 15 participants maximum, afin de pouvoir mener ces ateliers dans de bonnes conditions.<\/p>\n\n\n\n<p><strong>Pour avoir des informations sur les ateliers , <\/strong><a href=\"https:\/\/www.helloasso.com\/associations\/vivons-ensemble-en-bonne-entente\">c&rsquo;est ici<\/a><strong> <\/strong><strong>!<\/strong><\/p>\n\n\n\n<p>Si vous \u00eates int\u00e9ress\u00e9 et voulez plus d&rsquo;informations vous pouvez <a href=\"https:\/\/veebe.fr\/index.php\/contact\/\">nous contacter<\/a>.<\/p>\n\n\n\n<div class=\"wp-block-buttons is-layout-flex wp-block-buttons-is-layout-flex\">\n<div class=\"wp-block-button\"><a class=\"wp-block-button__link wp-element-button\" href=\"https:\/\/www.helloasso.com\/associations\/vivons-ensemble-en-bonne-entente\/adhesions\/adhesion-association-veebe\" target=\"_blank\" rel=\"noreferrer noopener\"><mark style=\"background-color:rgba(0, 0, 0, 0)\" class=\"has-inline-color has-blue-color\">Soutenez nous, en adh\u00e9rent<\/mark><\/a><\/div>\n<\/div>\n\n\n\n<p><\/p>\n","protected":false},"excerpt":{"rendered":"<p>Si la vie et les relations vous \u00e9tonnent, vous questionnent, vous bousculent, alors nos ateliers sont pour vous. L&rsquo;association VEEBE vous propose un lieu unique \u00e0 Massy! Un endroit o\u00f9 l&rsquo;\u00e9veil de l&rsquo;esprit critique est au centre de nos r\u00e9flexions, &hellip; <a href=\"https:\/\/veebe.fr\/index.php\/atelier-sur-la-vie-la-relation-a-soi-et-aux-autres\/\">Continuer la lecture <span class=\"meta-nav\">&rarr;<\/span><\/a><\/p>\n","protected":false},"author":1,"featured_media":0,"parent":0,"menu_order":0,"comment_status":"closed","ping_status":"closed","template":"","meta":{"footnotes":""},"class_list":["post-35","page","type-page","status-publish","hentry"],"_links":{"self":[{"href":"https:\/\/veebe.fr\/index.php\/wp-json\/wp\/v2\/pages\/35","targetHints":{"allow":["GET"]}}],"collection":[{"href":"https:\/\/veebe.fr\/index.php\/wp-json\/wp\/v2\/pages"}],"about":[{"href":"https:\/\/veebe.fr\/index.php\/wp-json\/wp\/v2\/types\/page"}],"author":[{"embeddable":true,"href":"https:\/\/veebe.fr\/index.php\/wp-json\/wp\/v2\/users\/1"}],"replies":[{"embeddable":true,"href":"https:\/\/veebe.fr\/index.php\/wp-json\/wp\/v2\/comments?post=35"}],"version-history":[{"count":18,"href":"https:\/\/veebe.fr\/index.php\/wp-json\/wp\/v2\/pages\/35\/revisions"}],"predecessor-version":[{"id":179,"href":"https:\/\/veebe.fr\/index.php\/wp-json\/wp\/v2\/pages\/35\/revisions\/179"}],"wp:attachment":[{"href":"https:\/\/veebe.fr\/index.php\/wp-json\/wp\/v2\/media?parent=35"}],"curies":[{"name":"wp","href":"https:\/\/api.w.org\/{rel}","templated":true}]}}